{"id":15718,"date":"2016-09-27T06:52:15","date_gmt":"2016-09-27T06:52:15","guid":{"rendered":"https:\/\/demo2.wpthemego.com\/themes\/sw_emarket\/layout40\/my-account\/"},"modified":"2026-02-07T08:52:36","modified_gmt":"2026-02-07T08:52:36","slug":"my-account","status":"publish","type":"page","link":"https:\/\/modelo1.talec.com.br\/?page_id=15718","title":{"rendered":"My Account"},"content":{"rendered":"<div class=\"woocommerce\">\n\n<div class=\"woocommerce-notices-wrapper\"><\/div>\n<div class=\"col2-set\" id=\"customer_login\">\n\t<div class=\"row\">\n\t<div class=\"col-lg-6 col-md-6 col-sm-12\">\n\n\n\t\t<h2>Login<\/h2>\n\n\t\t<form method=\"post\" class=\"woocommerce-form woocommerce-form-login login\">\n\n\t\t\t\n\t\t\t<p class=\"form-row form-row-wide\">\n\t\t\t\t<label for=\"username\">Username or email address &nbsp;<span class=\"required\">*<\/span><\/label>\n\t\t\t\t<input type=\"text\" class=\"input-text\" name=\"username\" id=\"username\" value=\"\" \/>\n\t\t\t<\/p>\n\t\t\t<p class=\"form-row form-row-wide\">\n\t\t\t\t<label for=\"password\">Password &nbsp;<span class=\"required\">*<\/span><\/label>\n\t\t\t\t<input class=\"input-text\" type=\"password\" name=\"password\" id=\"password\" value=\"\" \/>\n\t\t\t<\/p>\n\n\t\t\t\t\t\t<p class=\"form-row\">\n\t\t\t\t<label for=\"rememberme\" class=\"inline\">\n\t\t\t\t\t<input name=\"rememberme\" type=\"checkbox\" id=\"rememberme\" value=\"forever\" \/> Remember me\t\t\t\t<\/label>\n\t\t\t<\/p>\n\t\t\t<p class=\"form-row\">\n\t\t\t\t<input type=\"hidden\" id=\"woocommerce-login-nonce\" name=\"woocommerce-login-nonce\" value=\"0317797869\" \/><input type=\"hidden\" name=\"_wp_http_referer\" value=\"\/index.php?rest_route=%2Fwp%2Fv2%2Fpages%2F15718\" \/>\t\t\t\t<input type=\"submit\" class=\"button\" name=\"login\" value=\"Login\" \/> \n\t\t\t<\/p>\n\t\t\t<p class=\"lost_password\">\n\t\t\t\t<a href=\"https:\/\/modelo1.talec.com.br\/?page_id=15718&#038;lost-password\">Lost your password?<\/a>\n\t\t\t<\/p>\n\n\t\t\t\n\t\t<\/form>\n\n\n\t<\/div>\n\n\t<div class=\"col-lg-6 col-md-6 col-sm-12\">\n\n\t\t<h2>Register<\/h2>\n\n\t\t<form method=\"post\" class=\"woocommerce-form woocommerce-form-register register\">\n\n\t\t\t\n\t\t\t\n\t\t\t<p class=\"form-row form-row-wide\">\n\t\t\t\t<label for=\"reg_email\">Email address &nbsp;<span class=\"required\">*<\/span><\/label>\n\t\t\t\t<input type=\"email\" class=\"input-text\" name=\"email\" id=\"reg_email\" value=\"\" \/>\n\t\t\t<\/p>\n\n\t\t\t\n\t\t\t\t<p class=\"form-row form-row-wide\">\n\t\t\t\t\t<label for=\"reg_password\">Password &nbsp;<span class=\"required\">*<\/span><\/label>\n\t\t\t\t\t<input type=\"password\" class=\"input-text\" name=\"password\" id=\"reg_password\" \/>\n\t\t\t\t<\/p>\n\n\t\t\t\t\t\t\n\t\t\t<wc-order-attribution-inputs><\/wc-order-attribution-inputs><div class=\"woocommerce-privacy-policy-text\"><p>Seus dados pessoais ser\u00e3o usados para aprimorar a sua experi\u00eancia em todo este site, para gerenciar o acesso a sua conta e para outros prop\u00f3sitos, como descritos em nossa <a href=\"\" class=\"woocommerce-privacy-policy-link\" target=\"_blank\">pol\u00edtica de privacidade<\/a>.<\/p>\n<\/div>\n\t\t\t<p class=\"form-row\">\n\t\t\t\t<input type=\"hidden\" id=\"woocommerce-register-nonce\" name=\"woocommerce-register-nonce\" value=\"f4ee860771\" \/><input type=\"hidden\" name=\"_wp_http_referer\" value=\"\/index.php?rest_route=%2Fwp%2Fv2%2Fpages%2F15718\" \/>\t\t\t\t<button type=\"submit\" class=\"woocommerce-Button button\" name=\"register\" value=\"Register\">Register<\/button>\n\t\t\t<\/p>\n\n\t\t\t\n\t\t<\/form>\n\t<\/div>\n\t<\/div>\n<\/div>\n\n<\/div>\n","protected":false},"excerpt":{"rendered":"","protected":false},"author":1,"featured_media":0,"parent":0,"menu_order":0,"comment_status":"closed","ping_status":"closed","template":"","meta":{"footnotes":""},"class_list":["post-15718","page","type-page","status-publish","hentry"],"_links":{"self":[{"href":"https:\/\/modelo1.talec.com.br\/index.php?rest_route=\/wp\/v2\/pages\/15718","targetHints":{"allow":["GET"]}}],"collection":[{"href":"https:\/\/modelo1.talec.com.br\/index.php?rest_route=\/wp\/v2\/pages"}],"about":[{"href":"https:\/\/modelo1.talec.com.br\/index.php?rest_route=\/wp\/v2\/types\/page"}],"author":[{"embeddable":true,"href":"https:\/\/modelo1.talec.com.br\/index.php?rest_route=\/wp\/v2\/users\/1"}],"replies":[{"embeddable":true,"href":"https:\/\/modelo1.talec.com.br\/index.php?rest_route=%2Fwp%2Fv2%2Fcomments&post=15718"}],"version-history":[{"count":1,"href":"https:\/\/modelo1.talec.com.br\/index.php?rest_route=\/wp\/v2\/pages\/15718\/revisions"}],"predecessor-version":[{"id":15862,"href":"https:\/\/modelo1.talec.com.br\/index.php?rest_route=\/wp\/v2\/pages\/15718\/revisions\/15862"}],"wp:attachment":[{"href":"https:\/\/modelo1.talec.com.br\/index.php?rest_route=%2Fwp%2Fv2%2Fmedia&parent=15718"}],"curies":[{"name":"wp","href":"https:\/\/api.w.org\/{rel}","templated":true}]}}